{"id":24778,"date":"2020-02-06T17:10:55","date_gmt":"2020-02-06T16:10:55","guid":{"rendered":"http:\/\/www.fiveminutesspare.com\/news\/?page_id=24778"},"modified":"2020-02-06T18:18:10","modified_gmt":"2020-02-06T17:18:10","slug":"angola","status":"publish","type":"page","link":"https:\/\/www.fiveminutesspare.com\/news\/angola\/","title":{"rendered":"Angola"},"content":{"rendered":"<div class=\"wp-rss-template-container\" data-wpra-template=\"grid-1\" data-template-ctx=\"eyJ0ZW1wbGF0ZSI6ImdyaWQtMSIsInNvdXJjZSI6IjI0NzcxIiwiaXRlbXMiOnt9fQ==\">\n    <div class=\"wp-rss-aggregator wpra-list-template  \" data-page=\"1\">\n    \n    \n<ul class=\"wpra-item-list rss-aggregator wpra-item-list--bullets wpra-item-list--default\"\n    start=\"1\">\n                        <li class=\"wpra-item feed-item \">\n            \n            \n\n    <a  href=\"http:\/\/www.expansao.co.ao\/artigo\/135139\/reus-vao-pagar-8-5-milhoes-usd-pelos-prejuizos-causados-e-5-milhoes-kz-por-danos-morais\" target=\"_blank\" rel=\"nofollow\" class=\"\">R\u00e9us v\u00e3o pagar 8,5 milh\u00f5es USD pelos preju\u00edzos causados e 5 milh\u00f5es Kz por danos morais<\/a>\n\n\n\n\n\n\n<div class=\"wprss-feed-meta\">\n            <span class=\"feed-source\">\n            Source:\n\n                            <a  href=\"http:\/\/www.expansao.co.ao\/RSS\" target=\"_blank\" rel=\"nofollow\" class=\"\">Expans\u00e3o - Not\u00edcias<\/a>\n                    <\/span>\n    \n            <span class=\"feed-date\">\n            Published on: 2020-08-14\n        <\/span>\n    \n    <\/div>\n\n\n\n\n\n            \n        <\/li>\n                    <li class=\"wpra-item feed-item \">\n            \n            \n\n    <a  href=\"http:\/\/www.expansao.co.ao\/artigo\/135095\/governo-da-tanz-nia-proibe-a-entrada-de-voos-do-quenia\" target=\"_blank\" rel=\"nofollow\" class=\"\">Governo da Tanz\u00e2nia pro\u00edbe a entrada de voos do Qu\u00e9nia<\/a>\n\n\n\n\n\n\n<div class=\"wprss-feed-meta\">\n            <span class=\"feed-source\">\n            Source:\n\n                            <a  href=\"http:\/\/www.expansao.co.ao\/RSS\" target=\"_blank\" rel=\"nofollow\" class=\"\">Expans\u00e3o - Not\u00edcias<\/a>\n                    <\/span>\n    \n            <span class=\"feed-date\">\n            Published on: 2020-08-11\n        <\/span>\n    \n    <\/div>\n\n\n\n\n\n            \n        <\/li>\n                    <li class=\"wpra-item feed-item \">\n            \n            \n\n    <a  href=\"http:\/\/www.expansao.co.ao\/artigo\/135074\/o-futuro-do-trabalho-e-dos-trabalhadores-em-angola-deixa-nos-muitas-reservas-\" target=\"_blank\" rel=\"nofollow\" class=\"\">\"O futuro do trabalho  e dos trabalhadores  em Angola deixa-nos muitas reservas\"<\/a>\n\n\n\n\n\n\n<div class=\"wprss-feed-meta\">\n            <span class=\"feed-source\">\n            Source:\n\n                            <a  href=\"http:\/\/www.expansao.co.ao\/RSS\" target=\"_blank\" rel=\"nofollow\" class=\"\">Expans\u00e3o - Not\u00edcias<\/a>\n                    <\/span>\n    \n            <span class=\"feed-date\">\n            Published on: 2020-08-10\n        <\/span>\n    \n    <\/div>\n\n\n\n\n\n            \n        <\/li>\n                    <li class=\"wpra-item feed-item \">\n            \n            \n\n    <a  href=\"http:\/\/www.expansao.co.ao\/artigo\/135075\/nossa-seguros-iniciou-devolucao-de-12-milhoes-de-kwanzas-aos-clientes-\" target=\"_blank\" rel=\"nofollow\" class=\"\">Nossa Seguros iniciou devolu\u00e7\u00e3o de 12 milh\u00f5es de kwanzas aos clientes<\/a>\n\n\n\n\n\n\n<div class=\"wprss-feed-meta\">\n            <span class=\"feed-source\">\n            Source:\n\n                            <a  href=\"http:\/\/www.expansao.co.ao\/RSS\" target=\"_blank\" rel=\"nofollow\" class=\"\">Expans\u00e3o - Not\u00edcias<\/a>\n                    <\/span>\n    \n            <span class=\"feed-date\">\n            Published on: 2020-08-10\n        <\/span>\n    \n    <\/div>\n\n\n\n\n\n            \n        <\/li>\n                    <li class=\"wpra-item feed-item \">\n            \n            \n\n    <a  href=\"http:\/\/www.expansao.co.ao\/artigo\/135077\/ffh-apressa-vendas-para-conter-ocupacoes-ilegais-de-apartamentos-\" target=\"_blank\" rel=\"nofollow\" class=\"\">FFH apressa vendas para conter ocupa\u00e7\u00f5es ilegais de apartamentos<\/a>\n\n\n\n\n\n\n<div class=\"wprss-feed-meta\">\n            <span class=\"feed-source\">\n            Source:\n\n                            <a  href=\"http:\/\/www.expansao.co.ao\/RSS\" target=\"_blank\" rel=\"nofollow\" class=\"\">Expans\u00e3o - Not\u00edcias<\/a>\n                    <\/span>\n    \n            <span class=\"feed-date\">\n            Published on: 2020-08-10\n        <\/span>\n    \n    <\/div>\n\n\n\n\n\n            \n        <\/li>\n                    <li class=\"wpra-item feed-item \">\n            \n            \n\n    <a  href=\"http:\/\/www.expansao.co.ao\/artigo\/135076\/reitor-da-oscar-ribas-defende-trabalho-entre-universidades-para-o-combate-a-covid-19-\" target=\"_blank\" rel=\"nofollow\" class=\"\">Reitor da \u00d3scar Ribas defende trabalho entre universidades para o combate \u00e0 Covid-19<\/a>\n\n\n\n\n\n\n<div class=\"wprss-feed-meta\">\n            <span class=\"feed-source\">\n            Source:\n\n                            <a  href=\"http:\/\/www.expansao.co.ao\/RSS\" target=\"_blank\" rel=\"nofollow\" class=\"\">Expans\u00e3o - Not\u00edcias<\/a>\n                    <\/span>\n    \n            <span class=\"feed-date\">\n            Published on: 2020-08-10\n        <\/span>\n    \n    <\/div>\n\n\n\n\n\n            \n        <\/li>\n        <\/ul>\n\n        \n<\/div>\n\n<\/div>\n\n<div class=\"wp-rss-template-container\" data-wpra-template=\"grid-1\" data-template-ctx=\"eyJ0ZW1wbGF0ZSI6ImdyaWQtMSIsInNvdXJjZSI6IjI0ODA3IiwiaXRlbXMiOnt9fQ==\">\n    <div class=\"wp-rss-aggregator wpra-list-template  \" data-page=\"1\">\n    \n    \n<ul class=\"wpra-item-list rss-aggregator wpra-item-list--bullets wpra-item-list--default\"\n    start=\"1\">\n                    <p>No feed items found.<\/p>\n    <\/ul>\n\n        \n<\/div>\n\n<\/div>\n\n<p>Latest Sport<\/p>\n<div class=\"wp-rss-template-container\" data-wpra-template=\"grid-1\" data-template-ctx=\"eyJ0ZW1wbGF0ZSI6ImdyaWQtMSIsInNvdXJjZSI6IjI0ODE4IiwiaXRlbXMiOnt9fQ==\">\n    <div class=\"wp-rss-aggregator wpra-list-template  \" data-page=\"1\">\n    \n    \n<ul class=\"wpra-item-list rss-aggregator wpra-item-list--bullets wpra-item-list--default\"\n    start=\"1\">\n                    <p>No feed items found.<\/p>\n    <\/ul>\n\n        \n<\/div>\n\n<\/div>\n\n<p>Business<\/p>\n<div class=\"wp-rss-template-container\" data-wpra-template=\"grid-1\" data-template-ctx=\"eyJ0ZW1wbGF0ZSI6ImdyaWQtMSIsInNvdXJjZSI6IjI0OTA1IiwiaXRlbXMiOnt9fQ==\">\n    <div class=\"wp-rss-aggregator wpra-list-template  \" data-page=\"1\">\n    \n    \n<ul class=\"wpra-item-list rss-aggregator wpra-item-list--bullets wpra-item-list--default\"\n    start=\"1\">\n                    <p>No feed items found.<\/p>\n    <\/ul>\n\n        \n<\/div>\n\n<\/div>\n\n","protected":false},"excerpt":{"rendered":"<p>Latest Sport Business<\/p>\n","protected":false},"author":1,"featured_media":0,"parent":0,"menu_order":0,"comment_status":"closed","ping_status":"closed","template":"","meta":{"_bbp_topic_count":0,"_bbp_reply_count":0,"_bbp_total_topic_count":0,"_bbp_total_reply_count":0,"_bbp_voice_count":0,"_bbp_anonymous_reply_count":0,"_bbp_topic_count_hidden":0,"_bbp_reply_count_hidden":0,"_bbp_forum_subforum_count":0,"om_disable_all_campaigns":false,"footnotes":""},"class_list":["post-24778","page","type-page","status-publish","hentry"],"aioseo_notices":[],"_links":{"self":[{"href":"https:\/\/www.fiveminutesspare.com\/news\/wp-json\/wp\/v2\/pages\/24778","targetHints":{"allow":["GET"]}}],"collection":[{"href":"https:\/\/www.fiveminutesspare.com\/news\/wp-json\/wp\/v2\/pages"}],"about":[{"href":"https:\/\/www.fiveminutesspare.com\/news\/wp-json\/wp\/v2\/types\/page"}],"author":[{"embeddable":true,"href":"https:\/\/www.fiveminutesspare.com\/news\/wp-json\/wp\/v2\/users\/1"}],"replies":[{"embeddable":true,"href":"https:\/\/www.fiveminutesspare.com\/news\/wp-json\/wp\/v2\/comments?post=24778"}],"version-history":[{"count":4,"href":"https:\/\/www.fiveminutesspare.com\/news\/wp-json\/wp\/v2\/pages\/24778\/revisions"}],"predecessor-version":[{"id":24906,"href":"https:\/\/www.fiveminutesspare.com\/news\/wp-json\/wp\/v2\/pages\/24778\/revisions\/24906"}],"wp:attachment":[{"href":"https:\/\/www.fiveminutesspare.com\/news\/wp-json\/wp\/v2\/media?parent=24778"}],"curies":[{"name":"wp","href":"https:\/\/api.w.org\/{rel}","templated":true}]}}